{"id":19,"date":"2024-07-29T23:07:18","date_gmt":"2024-07-29T23:07:18","guid":{"rendered":"https:\/\/labs.engineering.asu.edu\/berkson\/?page_id=19"},"modified":"2024-07-29T23:29:11","modified_gmt":"2024-07-29T23:29:11","slug":"research","status":"publish","type":"page","link":"https:\/\/labs.engineering.asu.edu\/berkson\/research\/","title":{"rendered":"Research"},"content":{"rendered":"<div class=\"uds-hero-md alignfull has-btn-row \" style=\"margin-bottom:var(--wp--preset--spacing--uds-size-8);\"><div class=\"hero-overlay\"><\/div><img loading=\"lazy\" decoding=\"async\" width=\"1920\" height=\"684\" src=\"https:\/\/labs.engineering.asu.edu\/berkson\/wp-content\/uploads\/sites\/203\/2024\/07\/shutterstock_175604528-1920x684-1.jpg\" class=\"hero\" alt=\"Graphic background with red, orange and yellow cubes.\" srcset=\"https:\/\/labs.engineering.asu.edu\/berkson\/wp-content\/uploads\/sites\/203\/2024\/07\/shutterstock_175604528-1920x684-1.jpg 1920w, https:\/\/labs.engineering.asu.edu\/berkson\/wp-content\/uploads\/sites\/203\/2024\/07\/shutterstock_175604528-1920x684-1-300x107.jpg 300w, https:\/\/labs.engineering.asu.edu\/berkson\/wp-content\/uploads\/sites\/203\/2024\/07\/shutterstock_175604528-1920x684-1-1024x365.jpg 1024w, https:\/\/labs.engineering.asu.edu\/berkson\/wp-content\/uploads\/sites\/203\/2024\/07\/shutterstock_175604528-1920x684-1-768x274.jpg 768w, https:\/\/labs.engineering.asu.edu\/berkson\/wp-content\/uploads\/sites\/203\/2024\/07\/shutterstock_175604528-1920x684-1-1536x547.jpg 1536w\" sizes=\"auto, (max-width: 1920px) 100vw, 1920px\" \/><div class=\"acf-innerblocks-container\">\n\n\n\n<h1 class=\"wp-block-heading has-white-color has-text-color\"><span class=\"highlight-gold\">Research<\/span><\/h1>\n\n\n\n<div class=\"wp-block-group content is-layout-flow wp-block-group-is-layout-flow\">\n<p class=\"has-white-color has-text-color\"><\/p>\n<\/div>\n\n\n\n<div class=\"wp-block-buttons btn-row is-layout-flex wp-block-buttons-is-layout-flex\">\n<div class=\"wp-block-button is-style-uds-md\"><a class=\"wp-block-button__link wp-element-button\" href=\"https:\/\/labs.engineering.asu.edu\/berkson\/\" style=\"padding-top:var(--wp--preset--spacing--uds-size-1);padding-bottom:var(--wp--preset--spacing--uds-size-1)\">Home<\/a><\/div>\n\n\n\n<div class=\"wp-block-button is-style-uds-md\"><a class=\"wp-block-button__link wp-element-button\" href=\"https:\/\/labs.engineering.asu.edu\/berkson\/research\/\" style=\"padding-top:var(--wp--preset--spacing--uds-size-1);padding-bottom:var(--wp--preset--spacing--uds-size-1)\">Research<\/a><\/div>\n\n\n\n<div class=\"wp-block-button is-style-uds-md\"><a class=\"wp-block-button__link wp-element-button\" href=\"https:\/\/labs.engineering.asu.edu\/berkson\/people\/\" style=\"padding-top:var(--wp--preset--spacing--uds-size-1);padding-bottom:var(--wp--preset--spacing--uds-size-1)\">People<\/a><\/div>\n\n\n\n<div class=\"wp-block-button is-style-uds-md\"><a class=\"wp-block-button__link wp-element-button\" href=\"https:\/\/labs.engineering.asu.edu\/berkson\/media-2\/\" style=\"padding-top:var(--wp--preset--spacing--uds-size-1);padding-bottom:var(--wp--preset--spacing--uds-size-1)\">Media<\/a><\/div>\n\n\n\n<div class=\"wp-block-button is-style-uds-md\"><a class=\"wp-block-button__link wp-element-button\" href=\"https:\/\/labs.engineering.asu.edu\/berkson\/media\/\" style=\"padding-top:var(--wp--preset--spacing--uds-size-1);padding-bottom:var(--wp--preset--spacing--uds-size-1)\">Contact Us<\/a><\/div>\n<\/div>\n\n<\/div><\/div>\n\n\n<div class=\"wp-block-group alignfull is-layout-constrained wp-block-group-is-layout-constrained\">\n<div class=\"wp-block-columns alignfull is-layout-flex wp-container-core-columns-is-layout-28f84493 wp-block-columns-is-layout-flex\">\n<div class=\"wp-block-column is-layout-flow wp-block-column-is-layout-flow\" style=\"flex-basis:50%\">\n<h2 class=\"wp-block-heading\">Research focus areas<\/h2>\n\n\n\n<p>The Berkson lab focuses on understanding and controlling molecular-level processes at interfaces for applications in new sustainable technologies. Current research topics include:<\/p>\n<\/div>\n\n\n\n<div class=\"wp-block-column is-layout-flow wp-block-column-is-layout-flow\" style=\"flex-basis:50%\"><div class=\"aligncenter wp-block-site-logo\"><a href=\"https:\/\/labs.engineering.asu.edu\/berkson\/\" class=\"custom-logo-link\" rel=\"home\"><img loading=\"lazy\" decoding=\"async\" width=\"176\" height=\"121\" src=\"https:\/\/labs.engineering.asu.edu\/berkson\/wp-content\/uploads\/sites\/203\/2024\/07\/logo-e1722289504551.png\" class=\"custom-logo\" alt=\"Berkson Lab\" srcset=\"https:\/\/labs.engineering.asu.edu\/berkson\/wp-content\/uploads\/sites\/203\/2024\/07\/logo-e1722289504551.png 1695w, https:\/\/labs.engineering.asu.edu\/berkson\/wp-content\/uploads\/sites\/203\/2024\/07\/logo-e1722289504551-300x207.png 300w, https:\/\/labs.engineering.asu.edu\/berkson\/wp-content\/uploads\/sites\/203\/2024\/07\/logo-e1722289504551-1024x706.png 1024w, https:\/\/labs.engineering.asu.edu\/berkson\/wp-content\/uploads\/sites\/203\/2024\/07\/logo-e1722289504551-768x530.png 768w, https:\/\/labs.engineering.asu.edu\/berkson\/wp-content\/uploads\/sites\/203\/2024\/07\/logo-e1722289504551-1536x1059.png 1536w\" sizes=\"auto, (max-width: 176px) 100vw, 176px\" \/><\/a><\/div><\/div>\n\n\n\n<div class=\"wp-block-column is-layout-flow wp-block-column-is-layout-flow\"><\/div>\n<\/div>\n\n\n\n<ul class=\"wp-block-list\">\n<li>Heterogeneous catalysis\n<ul class=\"wp-block-list\">\n<li>Understanding and controlling the properties of defects and active sites in zeolite-based catalysts to unlock new applications in sustainable chemical production<\/li>\n<\/ul>\n<\/li>\n\n\n\n<li>Nanostructured semiconductors\n<ul class=\"wp-block-list\">\n<li>Determining how defects, dopants, and interfaces influence electronic structure and macroscopic properties for photo\/electrocatalytic and optoelectronic applications<\/li>\n<\/ul>\n<\/li>\n\n\n\n<li>Organic-inorganic hybrid materials\n<ul class=\"wp-block-list\">\n<li>Establishing methods for quantifying non-covalent interactions and dynamics at organic-inorganic interfaces<\/li>\n<\/ul>\n<\/li>\n\n\n\n<li>Crystallization\n<ul class=\"wp-block-list\">\n<li>Developing tools to track non-classical crystallization and solid-solid rearrangement processes that govern the assembly of many nanostructured solids<\/li>\n<\/ul>\n<\/li>\n\n\n\n<li>Solid-state NMR spectroscopy\n<ul class=\"wp-block-list\">\n<li>Developing methods for improving the sensitivity and resolution of solid-state NMR spectroscopy<\/li>\n<\/ul>\n<\/li>\n<\/ul>\n<\/div>\n\n\n\n<h2 class=\"wp-block-heading\">Publication list<\/h2>\n\n\n\n<div class=\"wp-block-buttons is-layout-flex wp-block-buttons-is-layout-flex\">\n<div class=\"wp-block-button\"><a class=\"wp-block-button__link wp-element-button\" href=\"https:\/\/scholar.google.com\/citations?user=uUJIPEUAAAAJ&amp;hl=en&amp;oi=ao\" target=\"_blank\" rel=\"noreferrer noopener\">Full publication list<\/a><\/div>\n<\/div>\n\n\n<p>Select publications:<\/p>\n\n\n<ul class=\"wp-block-list\">\n<li>Solid-State 183W NMR Spectroscopy as a High-Resolution Probe of Polyoxotungstate Structures and Dynamics. <strong>Z. J. Berkson,*<\/strong> M. Bernhardt, C. Cop\u00e9ret. <em>J. Phys. Chem. Lett<\/em>. 2024, 15 (7), 1950-1955. *Corresponding author. <a href=\"https:\/\/pubs.acs.org\/doi\/abs\/10.1021\/acs.jpclett.4c00033\" target=\"_blank\" rel=\"noreferrer noopener\">Link<\/a>.<\/li>\n\n\n\n<li>Active Site Descriptors from 95Mo NMR Signatures of Silica-supported Mo-based Olefin Metathesis Catalysts. <strong>Z. J. Berkson<\/strong>, R. Zhu, C. Ehinger, L. L\u00e4tsch, S. P. Schmid, D. Nater, S. Pollitt, O. V. Safonova, S. Bj\u00f6rgvinsd\u00f3ttir, A. B. Barnes, Y. Rom\u00e1n-Leshkov, G. A. Price, G. Sunley, C. Cop\u00e9ret. <em>J. Amer. Chem. Soc.<\/em>, 2023, 145 (23), 12651-12662. <a href=\"https:\/\/pubs.acs.org\/doi\/abs\/10.1021\/jacs.3c02201\" target=\"_blank\" rel=\"noreferrer noopener\">Link<\/a>.<\/li>\n\n\n\n<li>Universal promotion of heterogeneous olefin metathesis catalysts by controlling dynamic active site renewal. T. Z. H. Gani, <strong>Z. J. Berkson<\/strong>, R. Zhu, J.-H. Kang, J. R. Di Iorio, K.-W. Chan, D. F. Consoli, S. K. Shaikh, C. Cop\u00e9ret, Y. Rom\u00e1n-Leshkov. <em>Nature<\/em>, 2023, 617, 524-528. <a href=\"https:\/\/www.nature.com\/articles\/s41586-023-05897-w\" target=\"_blank\" rel=\"noreferrer noopener\">Link<\/a>.<\/li>\n\n\n\n<li>Solid-state NMR spectra of protons and quadrupolar nuclei at 28.2 T: resolving signatures of surface sites with fast magic angle spinning. <strong>Z. J. Berkson<\/strong>. S. Bj\u00f6rgvinsd\u00f3ttir, A. Yakimov, D. Gioffr\u00e8, M. Korzy\u0144ski, A. B. Barnes, C. Cop\u00e9ret. <em>JACS Au<\/em>, 2022, 2 (11), 2460-2465. <a href=\"https:\/\/pubs.acs.org\/doi\/full\/10.1021\/jacsau.2c00510\" target=\"_blank\" rel=\"noreferrer noopener\">Link<\/a>.<\/li>\n\n\n\n<li>Classifying and Understanding the Reactivities of Mo Based Alkyne Metathesis Catalysts from 95Mo NMR Chemical Shift Descriptors. <strong>Z. J.<\/strong> <strong>Berkson,<\/strong> L. L\u00e4tsch, J. Hillenbrand, A. F\u00fcrstner; C. Cop\u00e9ret, <em>J. Amer. Chem. Soc.<\/em> 2022, 144 (33), 15020\u201315025. <a href=\"https:\/\/pubs.acs.org\/doi\/abs\/10.1021\/jacs.2c06252\" target=\"_blank\" rel=\"noreferrer noopener\">Link<\/a>.<\/li>\n\n\n\n<li>Olefin-surface interactions: a key activity parameter in silica-supported olefin metathesis catalysts. <strong>Z. J. Berkson<\/strong>, M. Bernhardt, S. Schlapansky, M. J. Benedikter, M. Buchmeiser, G. Price, G. Sunley, C. Cop\u00e9ret. <em>JACS Au<\/em><strong>, <\/strong>2022, <em>2<\/em> (3), 777\u2013786. <a href=\"https:\/\/pubs.acs.org\/doi\/full\/10.1021\/jacsau.2c00052\" target=\"_blank\" rel=\"noreferrer noopener\">Link<\/a>.<\/li>\n\n\n\n<li>Preferential Siting of Aluminum Heteroatoms in the Zeolite Catalyst Al\u2010SSZ\u201070. <strong>Z. J. Berkson<\/strong>, M.-F. Hsieh, S. Smeets, D. Gajan, A. Lund, A. Lesage, D. Xie, S. I. Zones, L. B. McCusker, C. Baerlocher, B. F. Chmelka. <em>Angew. Chem. Int. Ed., <\/em>2019,58 (19) 6255-6259. Inside cover. <a href=\"https:\/\/onlinelibrary.wiley.com\/doi\/abs\/10.1002\/ange.201813533\" target=\"_blank\" rel=\"noreferrer noopener\">Link<\/a>.<\/li>\n\n\n\n<li>Syntheses of Colloidal F:In2O3 Cubes: Fluorine-Induced Faceting and Infrared Plasmonic Response. S.-H. Cho,<sup>#<\/sup> S. Gosh,<sup>#<\/sup> <strong>Z. J. Berkson<\/strong>,<sup>#<\/sup> J. Hachtel, J. Shi, X. Zhao, L. Reimnitz, C. Dahlman, Y. Ho, A. Yang, Y. Liu, J.-C. Idrobo, B. F. Chmelka, D. Milliron. <em>Chem. Mater.<\/em>, 2019, 31 (7) 2661-2676. <sup>#<\/sup>Equal contribution. <a href=\"https:\/\/pubs.acs.org\/doi\/abs\/10.1021\/acs.chemmater.9b00906\" target=\"_blank\" rel=\"noreferrer noopener\">Link<\/a>.<\/li>\n<\/ul>\n","protected":false},"excerpt":{"rendered":"<p class=\"mb-2\">Research focus areas The Berkson lab focuses on understanding and controlling molecular-level processes at interfaces for applications in new sustainable technologies. Current research topics include: Publication list Select publications:<\/p>\n","protected":false},"author":387,"featured_media":0,"parent":0,"menu_order":0,"comment_status":"closed","ping_status":"closed","template":"","meta":{"_acf_changed":false,"footnotes":""},"class_list":["post-19","page","type-page","status-publish","hentry"],"acf":[],"yoast_head":"<!-- This site is optimized with the Yoast SEO plugin v27.3 - https:\/\/yoast.com\/product\/yoast-seo-wordpress\/ -->\n<title>Research - Berkson Lab<\/title>\n<meta name=\"robots\" content=\"index, follow, max-snippet:-1, max-image-preview:large, max-video-preview:-1\" \/>\n<link rel=\"canonical\" href=\"https:\/\/labs.engineering.asu.edu\/berkson\/research\/\" \/>\n<meta property=\"og:locale\" content=\"en_US\" \/>\n<meta property=\"og:type\" content=\"article\" \/>\n<meta property=\"og:title\" content=\"Research - Berkson Lab\" \/>\n<meta property=\"og:description\" content=\"Research focus areas The Berkson lab focuses on understanding and controlling molecular-level processes at interfaces for applications in new sustainable technologies. Current research topics include: Publication list Select publications:\" \/>\n<meta property=\"og:url\" content=\"https:\/\/labs.engineering.asu.edu\/berkson\/research\/\" \/>\n<meta property=\"og:site_name\" content=\"Berkson Lab\" \/>\n<meta property=\"article:modified_time\" content=\"2024-07-29T23:29:11+00:00\" \/>\n<meta name=\"twitter:card\" content=\"summary_large_image\" \/>\n<meta name=\"twitter:label1\" content=\"Est. reading time\" \/>\n\t<meta name=\"twitter:data1\" content=\"3 minutes\" \/>\n<script type=\"application\/ld+json\" class=\"yoast-schema-graph\">{\"@context\":\"https:\\\/\\\/schema.org\",\"@graph\":[{\"@type\":\"WebPage\",\"@id\":\"https:\\\/\\\/labs.engineering.asu.edu\\\/berkson\\\/research\\\/\",\"url\":\"https:\\\/\\\/labs.engineering.asu.edu\\\/berkson\\\/research\\\/\",\"name\":\"Research - Berkson Lab\",\"isPartOf\":{\"@id\":\"https:\\\/\\\/labs.engineering.asu.edu\\\/berkson\\\/#website\"},\"datePublished\":\"2024-07-29T23:07:18+00:00\",\"dateModified\":\"2024-07-29T23:29:11+00:00\",\"breadcrumb\":{\"@id\":\"https:\\\/\\\/labs.engineering.asu.edu\\\/berkson\\\/research\\\/#breadcrumb\"},\"inLanguage\":\"en-US\",\"potentialAction\":[{\"@type\":\"ReadAction\",\"target\":[\"https:\\\/\\\/labs.engineering.asu.edu\\\/berkson\\\/research\\\/\"]}]},{\"@type\":\"BreadcrumbList\",\"@id\":\"https:\\\/\\\/labs.engineering.asu.edu\\\/berkson\\\/research\\\/#breadcrumb\",\"itemListElement\":[{\"@type\":\"ListItem\",\"position\":1,\"name\":\"Home\",\"item\":\"https:\\\/\\\/labs.engineering.asu.edu\\\/berkson\\\/\"},{\"@type\":\"ListItem\",\"position\":2,\"name\":\"Research\"}]},{\"@type\":\"WebSite\",\"@id\":\"https:\\\/\\\/labs.engineering.asu.edu\\\/berkson\\\/#website\",\"url\":\"https:\\\/\\\/labs.engineering.asu.edu\\\/berkson\\\/\",\"name\":\"Berkson Lab\",\"description\":\"\",\"publisher\":{\"@id\":\"https:\\\/\\\/labs.engineering.asu.edu\\\/berkson\\\/#organization\"},\"potentialAction\":[{\"@type\":\"SearchAction\",\"target\":{\"@type\":\"EntryPoint\",\"urlTemplate\":\"https:\\\/\\\/labs.engineering.asu.edu\\\/berkson\\\/?s={search_term_string}\"},\"query-input\":{\"@type\":\"PropertyValueSpecification\",\"valueRequired\":true,\"valueName\":\"search_term_string\"}}],\"inLanguage\":\"en-US\"},{\"@type\":\"Organization\",\"@id\":\"https:\\\/\\\/labs.engineering.asu.edu\\\/berkson\\\/#organization\",\"name\":\"Berkson Lab\",\"url\":\"https:\\\/\\\/labs.engineering.asu.edu\\\/berkson\\\/\",\"logo\":{\"@type\":\"ImageObject\",\"inLanguage\":\"en-US\",\"@id\":\"https:\\\/\\\/labs.engineering.asu.edu\\\/berkson\\\/#\\\/schema\\\/logo\\\/image\\\/\",\"url\":\"https:\\\/\\\/labs.engineering.asu.edu\\\/berkson\\\/wp-content\\\/uploads\\\/sites\\\/203\\\/2024\\\/07\\\/logo-e1722289504551.png\",\"contentUrl\":\"https:\\\/\\\/labs.engineering.asu.edu\\\/berkson\\\/wp-content\\\/uploads\\\/sites\\\/203\\\/2024\\\/07\\\/logo-e1722289504551.png\",\"width\":1695,\"height\":1169,\"caption\":\"Berkson Lab\"},\"image\":{\"@id\":\"https:\\\/\\\/labs.engineering.asu.edu\\\/berkson\\\/#\\\/schema\\\/logo\\\/image\\\/\"}}]}<\/script>\n<!-- \/ Yoast SEO plugin. -->","yoast_head_json":{"title":"Research - Berkson Lab","robots":{"index":"index","follow":"follow","max-snippet":"max-snippet:-1","max-image-preview":"max-image-preview:large","max-video-preview":"max-video-preview:-1"},"canonical":"https:\/\/labs.engineering.asu.edu\/berkson\/research\/","og_locale":"en_US","og_type":"article","og_title":"Research - Berkson Lab","og_description":"Research focus areas The Berkson lab focuses on understanding and controlling molecular-level processes at interfaces for applications in new sustainable technologies. Current research topics include: Publication list Select publications:","og_url":"https:\/\/labs.engineering.asu.edu\/berkson\/research\/","og_site_name":"Berkson Lab","article_modified_time":"2024-07-29T23:29:11+00:00","twitter_card":"summary_large_image","twitter_misc":{"Est. reading time":"3 minutes"},"schema":{"@context":"https:\/\/schema.org","@graph":[{"@type":"WebPage","@id":"https:\/\/labs.engineering.asu.edu\/berkson\/research\/","url":"https:\/\/labs.engineering.asu.edu\/berkson\/research\/","name":"Research - Berkson Lab","isPartOf":{"@id":"https:\/\/labs.engineering.asu.edu\/berkson\/#website"},"datePublished":"2024-07-29T23:07:18+00:00","dateModified":"2024-07-29T23:29:11+00:00","breadcrumb":{"@id":"https:\/\/labs.engineering.asu.edu\/berkson\/research\/#breadcrumb"},"inLanguage":"en-US","potentialAction":[{"@type":"ReadAction","target":["https:\/\/labs.engineering.asu.edu\/berkson\/research\/"]}]},{"@type":"BreadcrumbList","@id":"https:\/\/labs.engineering.asu.edu\/berkson\/research\/#breadcrumb","itemListElement":[{"@type":"ListItem","position":1,"name":"Home","item":"https:\/\/labs.engineering.asu.edu\/berkson\/"},{"@type":"ListItem","position":2,"name":"Research"}]},{"@type":"WebSite","@id":"https:\/\/labs.engineering.asu.edu\/berkson\/#website","url":"https:\/\/labs.engineering.asu.edu\/berkson\/","name":"Berkson Lab","description":"","publisher":{"@id":"https:\/\/labs.engineering.asu.edu\/berkson\/#organization"},"potentialAction":[{"@type":"SearchAction","target":{"@type":"EntryPoint","urlTemplate":"https:\/\/labs.engineering.asu.edu\/berkson\/?s={search_term_string}"},"query-input":{"@type":"PropertyValueSpecification","valueRequired":true,"valueName":"search_term_string"}}],"inLanguage":"en-US"},{"@type":"Organization","@id":"https:\/\/labs.engineering.asu.edu\/berkson\/#organization","name":"Berkson Lab","url":"https:\/\/labs.engineering.asu.edu\/berkson\/","logo":{"@type":"ImageObject","inLanguage":"en-US","@id":"https:\/\/labs.engineering.asu.edu\/berkson\/#\/schema\/logo\/image\/","url":"https:\/\/labs.engineering.asu.edu\/berkson\/wp-content\/uploads\/sites\/203\/2024\/07\/logo-e1722289504551.png","contentUrl":"https:\/\/labs.engineering.asu.edu\/berkson\/wp-content\/uploads\/sites\/203\/2024\/07\/logo-e1722289504551.png","width":1695,"height":1169,"caption":"Berkson Lab"},"image":{"@id":"https:\/\/labs.engineering.asu.edu\/berkson\/#\/schema\/logo\/image\/"}}]}},"_links":{"self":[{"href":"https:\/\/labs.engineering.asu.edu\/berkson\/wp-json\/wp\/v2\/pages\/19","targetHints":{"allow":["GET"]}}],"collection":[{"href":"https:\/\/labs.engineering.asu.edu\/berkson\/wp-json\/wp\/v2\/pages"}],"about":[{"href":"https:\/\/labs.engineering.asu.edu\/berkson\/wp-json\/wp\/v2\/types\/page"}],"author":[{"embeddable":true,"href":"https:\/\/labs.engineering.asu.edu\/berkson\/wp-json\/wp\/v2\/users\/387"}],"replies":[{"embeddable":true,"href":"https:\/\/labs.engineering.asu.edu\/berkson\/wp-json\/wp\/v2\/comments?post=19"}],"version-history":[{"count":0,"href":"https:\/\/labs.engineering.asu.edu\/berkson\/wp-json\/wp\/v2\/pages\/19\/revisions"}],"wp:attachment":[{"href":"https:\/\/labs.engineering.asu.edu\/berkson\/wp-json\/wp\/v2\/media?parent=19"}],"curies":[{"name":"wp","href":"https:\/\/api.w.org\/{rel}","templated":true}]}}